{"id":96,"date":"2018-06-18T06:57:57","date_gmt":"2018-06-18T10:57:57","guid":{"rendered":"http:\/\/almacenalnatural.cl\/index.php\/about\/"},"modified":"2022-07-21T20:33:47","modified_gmt":"2022-07-22T00:33:47","slug":"quienes-somos","status":"publish","type":"page","link":"https:\/\/almacenalnatural.cl\/index.php\/quienes-somos\/","title":{"rendered":"Quienes Somos"},"content":{"rendered":"\t\t<div data-elementor-type=\"wp-post\" data-elementor-id=\"96\" class=\"elementor elementor-96\">\n\t\t\t\t\t\t<div class=\"elementor-inner\">\n\t\t\t\t<div class=\"elementor-section-wrap\">\n\t\t\t\t\t\t\t\t\t<section class=\"elementor-section elementor-top-section elementor-element elementor-element-7af1913 elementor-section-content-middle elementor-section-boxed elementor-section-height-default elementor-section-height-default\" data-id=\"7af1913\" data-element_type=\"section\" data-settings=\"{&quot;background_background&quot;:&quot;classic&quot;}\">\n\t\t\t\t\t\t\t<div class=\"elementor-background-overlay\"><\/div>\n\t\t\t\t\t\t\t<div class=\"elementor-container elementor-column-gap-default\">\n\t\t\t\t\t\t\t<div class=\"elementor-row\">\n\t\t\t\t\t<div class=\"elementor-column elementor-col-100 elementor-top-column elementor-element elementor-element-6ed6cac\" data-id=\"6ed6cac\" data-element_type=\"column\">\n\t\t\t<div class=\"elementor-column-wrap elementor-element-populated\">\n\t\t\t\t\t\t\t<div class=\"elementor-widget-wrap\">\n\t\t\t\t\t\t<div class=\"elementor-element elementor-element-285c924 elementor-widget elementor-widget-heading\" data-id=\"285c924\" data-element_type=\"widget\" data-widget_type=\"heading.default\">\n\t\t\t\t<div class=\"elementor-widget-container\">\n\t\t\t<h1 class=\"elementor-heading-title elementor-size-default\">Quienes Somos<\/h1>\t\t<\/div>\n\t\t\t\t<\/div>\n\t\t\t\t\t\t<\/div>\n\t\t\t\t\t<\/div>\n\t\t<\/div>\n\t\t\t\t\t\t\t\t<\/div>\n\t\t\t\t\t<\/div>\n\t\t<\/section>\n\t\t\t\t<section class=\"elementor-section elementor-top-section elementor-element elementor-element-7c3707c elementor-section-boxed elementor-section-height-default elementor-section-height-default\" data-id=\"7c3707c\" data-element_type=\"section\">\n\t\t\t\t\t\t<div class=\"elementor-container elementor-column-gap-default\">\n\t\t\t\t\t\t\t<div class=\"elementor-row\">\n\t\t\t\t\t<div class=\"elementor-column elementor-col-100 elementor-top-column elementor-element elementor-element-38aa418\" data-id=\"38aa418\" data-element_type=\"column\">\n\t\t\t<div class=\"elementor-column-wrap elementor-element-populated\">\n\t\t\t\t\t\t\t<div class=\"elementor-widget-wrap\">\n\t\t\t\t\t\t<div class=\"elementor-element elementor-element-5d8900d elementor-widget elementor-widget-image\" data-id=\"5d8900d\" data-element_type=\"widget\" data-widget_type=\"image.default\">\n\t\t\t\t<div class=\"elementor-widget-container\">\n\t\t\t\t\t\t\t\t<div class=\"elementor-image\">\n\t\t\t\t\t\t\t\t\t\t\t\t<img width=\"209\" height=\"90\" src=\"https:\/\/almacenalnatural.cl\/wp-content\/uploads\/2020\/08\/leaf-free-img.png\" class=\"attachment-full size-full\" alt=\"\" loading=\"lazy\" \/>\t\t\t\t\t\t\t\t\t\t\t\t\t\t<\/div>\n\t\t\t\t\t\t<\/div>\n\t\t\t\t<\/div>\n\t\t\t\t\t\t<\/div>\n\t\t\t\t\t<\/div>\n\t\t<\/div>\n\t\t\t\t\t\t\t\t<\/div>\n\t\t\t\t\t<\/div>\n\t\t<\/section>\n\t\t\t\t<section class=\"elementor-section elementor-top-section elementor-element elementor-element-7d33ea6 elementor-section-boxed elementor-section-height-default elementor-section-height-default\" data-id=\"7d33ea6\" data-element_type=\"section\">\n\t\t\t\t\t\t<div class=\"elementor-container elementor-column-gap-default\">\n\t\t\t\t\t\t\t<div class=\"elementor-row\">\n\t\t\t\t\t<div class=\"elementor-column elementor-col-100 elementor-top-column elementor-element elementor-element-827726c\" data-id=\"827726c\" data-element_type=\"column\" data-settings=\"{&quot;background_background&quot;:&quot;classic&quot;}\">\n\t\t\t<div class=\"elementor-column-wrap elementor-element-populated\">\n\t\t\t\t\t\t\t<div class=\"elementor-widget-wrap\">\n\t\t\t\t\t\t<section class=\"elementor-section elementor-inner-section elementor-element elementor-element-ac995aa elementor-section-full_width elementor-section-content-middle elementor-section-height-default elementor-section-height-default\" data-id=\"ac995aa\" data-element_type=\"section\">\n\t\t\t\t\t\t<div class=\"elementor-container elementor-column-gap-no\">\n\t\t\t\t\t\t\t<div class=\"elementor-row\">\n\t\t\t\t\t<div class=\"elementor-column elementor-col-50 elementor-inner-column elementor-element elementor-element-7f38b0a\" data-id=\"7f38b0a\" data-element_type=\"column\" data-settings=\"{&quot;background_background&quot;:&quot;classic&quot;}\">\n\t\t\t<div class=\"elementor-column-wrap elementor-element-populated\">\n\t\t\t\t\t\t\t<div class=\"elementor-widget-wrap\">\n\t\t\t\t\t\t<div class=\"elementor-element elementor-element-4e5eb83c elementor-widget elementor-widget-heading\" data-id=\"4e5eb83c\" data-element_type=\"widget\" data-widget_type=\"heading.default\">\n\t\t\t\t<div class=\"elementor-widget-container\">\n\t\t\t<h2 class=\"elementor-heading-title elementor-size-default\">Misi\u00f3n<\/h2>\t\t<\/div>\n\t\t\t\t<\/div>\n\t\t\t\t<div class=\"elementor-element elementor-element-f70f2dc elementor-drop-cap-yes elementor-drop-cap-view-default elementor-widget elementor-widget-text-editor\" data-id=\"f70f2dc\" data-element_type=\"widget\" data-settings=\"{&quot;drop_cap&quot;:&quot;yes&quot;}\" data-widget_type=\"text-editor.default\">\n\t\t\t\t<div class=\"elementor-widget-container\">\n\t\t\t\t\t\t\t\t<div class=\"elementor-text-editor elementor-clearfix\">\n\t\t\t\t<p>Mitigar el problema alimentario de malnutrici\u00f3n facilitando el acceso a los productos naturales de alto valor nutricional a la poblaci\u00f3n, por medio de una\u00a0 propuesta de Emprendimiento Social basado en un mercado de precios justos y un fuerte compromiso social y ambiental.<br \/>Influenciar a una transici\u00f3n de los cambios alimentarios y culturales necesarios para mejorar la salud y el estilo de vida de las personas.<\/p>\t\t\t\t\t<\/div>\n\t\t\t\t\t\t<\/div>\n\t\t\t\t<\/div>\n\t\t\t\t<div class=\"elementor-element elementor-element-0b4122b elementor-drop-cap-yes elementor-drop-cap-view-default elementor-widget elementor-widget-text-editor\" data-id=\"0b4122b\" data-element_type=\"widget\" data-settings=\"{&quot;drop_cap&quot;:&quot;yes&quot;}\" data-widget_type=\"text-editor.default\">\n\t\t\t\t<div class=\"elementor-widget-container\">\n\t\t\t\t\t\t\t\t<div class=\"elementor-text-editor elementor-clearfix\">\n\t\t\t\t<h2 contenteditable=\"true\" data-elementor-setting-key=\"title\" data-pen-placeholder=\"Teclea aqu\u00ed...\">Visi\u00f3n<\/h2><p>Consolidarnos como uno de los principales proveedores de alimentos naturales de pa\u00eds con la implementaci\u00f3n y validaci\u00f3n de nuestra propuesta de Emprendimiento Social, solidario, educativo y comprometido con las personas, su salud, la sustentabilidad ambiental y el fortalecimiento de la econom\u00eda circular. Validando de esta manera la aplicaci\u00f3n de un mercado de precios justos y un mercado solidario, como motores fundamentales para el desarrollo de una econom\u00eda Social y Humana viable.<\/p>\t\t\t\t\t<\/div>\n\t\t\t\t\t\t<\/div>\n\t\t\t\t<\/div>\n\t\t\t\t<div class=\"elementor-element elementor-element-8faf007 elementor-drop-cap-yes elementor-drop-cap-view-default elementor-widget elementor-widget-text-editor\" data-id=\"8faf007\" data-element_type=\"widget\" data-settings=\"{&quot;drop_cap&quot;:&quot;yes&quot;}\" data-widget_type=\"text-editor.default\">\n\t\t\t\t<div class=\"elementor-widget-container\">\n\t\t\t\t\t\t\t\t<div class=\"elementor-text-editor elementor-clearfix\">\n\t\t\t\t<h2 contenteditable=\"true\" data-elementor-setting-key=\"title\" data-pen-placeholder=\"Teclea aqu\u00ed...\">Prop\u00f3sito<\/h2>\n<p>Desarrollar y validar un nuevo modelo de empresa social, cuyo prop\u00f3sito principal es la de autogestionar los sue\u00f1os sociales y humanos que albergamos en nuestro coraz\u00f3n, por medio de la donaci\u00f3n de las utilidades percibidas por la empresa.<\/p>\n<p><br><\/p>\t\t\t\t\t<\/div>\n\t\t\t\t\t\t<\/div>\n\t\t\t\t<\/div>\n\t\t\t\t\t\t<\/div>\n\t\t\t\t\t<\/div>\n\t\t<\/div>\n\t\t\t\t<div class=\"elementor-column elementor-col-50 elementor-inner-column elementor-element elementor-element-dd45772\" data-id=\"dd45772\" data-element_type=\"column\" data-settings=\"{&quot;background_background&quot;:&quot;classic&quot;}\">\n\t\t\t<div class=\"elementor-column-wrap elementor-element-populated\">\n\t\t\t\t\t<div class=\"elementor-background-overlay\"><\/div>\n\t\t\t\t\t\t\t<div class=\"elementor-widget-wrap\">\n\t\t\t\t\t\t<div class=\"elementor-element elementor-element-fba56bb elementor-widget elementor-widget-image\" data-id=\"fba56bb\" data-element_type=\"widget\" data-widget_type=\"image.default\">\n\t\t\t\t<div class=\"elementor-widget-container\">\n\t\t\t\t\t\t\t\t<div class=\"elementor-image\">\n\t\t\t\t\t\t\t\t\t\t\t\t<img width=\"768\" height=\"1024\" src=\"https:\/\/almacenalnatural.cl\/wp-content\/uploads\/2020\/08\/Bolsas-768x1024.jpeg\" class=\"attachment-large size-large\" alt=\"\" loading=\"lazy\" srcset=\"https:\/\/almacenalnatural.cl\/wp-content\/uploads\/2020\/08\/Bolsas-768x1024.jpeg 768w, https:\/\/almacenalnatural.cl\/wp-content\/uploads\/2020\/08\/Bolsas-600x800.jpeg 600w, https:\/\/almacenalnatural.cl\/wp-content\/uploads\/2020\/08\/Bolsas-225x300.jpeg 225w, https:\/\/almacenalnatural.cl\/wp-content\/uploads\/2020\/08\/Bolsas.jpeg 960w\" sizes=\"(max-width: 768px) 100vw, 768px\" \/>\t\t\t\t\t\t\t\t\t\t\t\t\t\t<\/div>\n\t\t\t\t\t\t<\/div>\n\t\t\t\t<\/div>\n\t\t\t\t\t\t<\/div>\n\t\t\t\t\t<\/div>\n\t\t<\/div>\n\t\t\t\t\t\t\t\t<\/div>\n\t\t\t\t\t<\/div>\n\t\t<\/section>\n\t\t\t\t\t\t<\/div>\n\t\t\t\t\t<\/div>\n\t\t<\/div>\n\t\t\t\t\t\t\t\t<\/div>\n\t\t\t\t\t<\/div>\n\t\t<\/section>\n\t\t\t\t\t\t\t\t\t<\/div>\n\t\t\t<\/div>\n\t\t\t\t\t<\/div>\n\t\t","protected":false},"excerpt":{"rendered":"<p>Quienes Somos Misi\u00f3n Mitigar el problema alimentario de malnutrici\u00f3n facilitando el acceso a los productos naturales de alto valor nutricional a la poblaci\u00f3n, por medio de una\u00a0 propuesta de Emprendimiento Social basado en un mercado de precios justos y un fuerte compromiso social y ambiental.Influenciar a una transici\u00f3n de los cambios alimentarios y culturales necesarios &hellip;<\/p>\n<p class=\"read-more\"> <a class=\"\" href=\"https:\/\/almacenalnatural.cl\/index.php\/quienes-somos\/\"> <span class=\"screen-reader-text\">Quienes Somos<\/span> Read More &raquo;<\/a><\/p>\n","protected":false},"author":2,"featured_media":0,"parent":0,"menu_order":0,"comment_status":"closed","ping_status":"closed","template":"","meta":[],"yoast_head":"<!-- This site is optimized with the Yoast SEO plugin v17.0 - https:\/\/yoast.com\/wordpress\/plugins\/seo\/ -->\n<title>Quienes Somos - Almac\u00e9n al Natural<\/title>\n<meta name=\"description\" content=\"Alimentos naturales a granel, a precios justos y a la puerta de su casa. Sin adelantos y sin m\u00ednimo de compra. Contamos con el sistema de env\u00edos a domicilio m\u00e1s barato de todo Santiago, Adem\u00e1s, tenemos un garant\u00eda de satisfacci\u00f3n y pagos contraentrega para tu seguridad. Cont\u00e1ctenos, con\u00f3cenos y perm\u00edtenos servirte.\" \/>\n<meta name=\"robots\" content=\"index, follow, max-snippet:-1, max-image-preview:large, max-video-preview:-1\" \/>\n<link rel=\"canonical\" href=\"https:\/\/almacenalnatural.cl\/index.php\/quienes-somos\/\" \/>\n<meta property=\"og:locale\" content=\"es_ES\" \/>\n<meta property=\"og:type\" content=\"article\" \/>\n<meta property=\"og:title\" content=\"Quienes Somos - Almac\u00e9n al Natural\" \/>\n<meta property=\"og:description\" content=\"Alimentos naturales a granel, a precios justos y a la puerta de su casa. Sin adelantos y sin m\u00ednimo de compra. Contamos con el sistema de env\u00edos a domicilio m\u00e1s barato de todo Santiago, Adem\u00e1s, tenemos un garant\u00eda de satisfacci\u00f3n y pagos contraentrega para tu seguridad. Cont\u00e1ctenos, con\u00f3cenos y perm\u00edtenos servirte.\" \/>\n<meta property=\"og:url\" content=\"https:\/\/almacenalnatural.cl\/index.php\/quienes-somos\/\" \/>\n<meta property=\"og:site_name\" content=\"Almac\u00e9n al Natural\" \/>\n<meta property=\"article:modified_time\" content=\"2022-07-22T00:33:47+00:00\" \/>\n<meta property=\"og:image\" content=\"https:\/\/almacenalnatural.cl\/wp-content\/uploads\/2020\/08\/leaf-free-img.png\" \/>\n<meta name=\"twitter:card\" content=\"summary_large_image\" \/>\n<meta name=\"twitter:label1\" content=\"Est. reading time\" \/>\n\t<meta name=\"twitter:data1\" content=\"2 minutos\" \/>\n<script type=\"application\/ld+json\" class=\"yoast-schema-graph\">{\"@context\":\"https:\/\/schema.org\",\"@graph\":[{\"@type\":\"WebSite\",\"@id\":\"https:\/\/almacenalnatural.cl\/#website\",\"url\":\"https:\/\/almacenalnatural.cl\/\",\"name\":\"Almac\\u00e9n al Natural\",\"description\":\"Emprendimiento social basado en un mercado de precios justos\",\"potentialAction\":[{\"@type\":\"SearchAction\",\"target\":{\"@type\":\"EntryPoint\",\"urlTemplate\":\"https:\/\/almacenalnatural.cl\/?s={search_term_string}\"},\"query-input\":\"required name=search_term_string\"}],\"inLanguage\":\"es-CL\"},{\"@type\":\"ImageObject\",\"@id\":\"https:\/\/almacenalnatural.cl\/index.php\/quienes-somos\/#primaryimage\",\"inLanguage\":\"es-CL\",\"url\":\"https:\/\/almacenalnatural.cl\/wp-content\/uploads\/2020\/08\/leaf-free-img.png\",\"contentUrl\":\"https:\/\/almacenalnatural.cl\/wp-content\/uploads\/2020\/08\/leaf-free-img.png\",\"width\":209,\"height\":90},{\"@type\":\"WebPage\",\"@id\":\"https:\/\/almacenalnatural.cl\/index.php\/quienes-somos\/#webpage\",\"url\":\"https:\/\/almacenalnatural.cl\/index.php\/quienes-somos\/\",\"name\":\"Quienes Somos - Almac\\u00e9n al Natural\",\"isPartOf\":{\"@id\":\"https:\/\/almacenalnatural.cl\/#website\"},\"primaryImageOfPage\":{\"@id\":\"https:\/\/almacenalnatural.cl\/index.php\/quienes-somos\/#primaryimage\"},\"datePublished\":\"2018-06-18T10:57:57+00:00\",\"dateModified\":\"2022-07-22T00:33:47+00:00\",\"description\":\"Alimentos naturales a granel, a precios justos y a la puerta de su casa. Sin adelantos y sin m\\u00ednimo de compra. Contamos con el sistema de env\\u00edos a domicilio m\\u00e1s barato de todo Santiago, Adem\\u00e1s, tenemos un garant\\u00eda de satisfacci\\u00f3n y pagos contraentrega para tu seguridad. Cont\\u00e1ctenos, con\\u00f3cenos y perm\\u00edtenos servirte.\",\"breadcrumb\":{\"@id\":\"https:\/\/almacenalnatural.cl\/index.php\/quienes-somos\/#breadcrumb\"},\"inLanguage\":\"es-CL\",\"potentialAction\":[{\"@type\":\"ReadAction\",\"target\":[\"https:\/\/almacenalnatural.cl\/index.php\/quienes-somos\/\"]}]},{\"@type\":\"BreadcrumbList\",\"@id\":\"https:\/\/almacenalnatural.cl\/index.php\/quienes-somos\/#breadcrumb\",\"itemListElement\":[{\"@type\":\"ListItem\",\"position\":1,\"name\":\"Portada\",\"item\":\"https:\/\/almacenalnatural.cl\/\"},{\"@type\":\"ListItem\",\"position\":2,\"name\":\"Quienes Somos\"}]}]}<\/script>\n<!-- \/ Yoast SEO plugin. -->","yoast_head_json":{"title":"Quienes Somos - Almac\u00e9n al Natural","description":"Alimentos naturales a granel, a precios justos y a la puerta de su casa. Sin adelantos y sin m\u00ednimo de compra. Contamos con el sistema de env\u00edos a domicilio m\u00e1s barato de todo Santiago, Adem\u00e1s, tenemos un garant\u00eda de satisfacci\u00f3n y pagos contraentrega para tu seguridad. Cont\u00e1ctenos, con\u00f3cenos y perm\u00edtenos servirte.","robots":{"index":"index","follow":"follow","max-snippet":"max-snippet:-1","max-image-preview":"max-image-preview:large","max-video-preview":"max-video-preview:-1"},"canonical":"https:\/\/almacenalnatural.cl\/index.php\/quienes-somos\/","og_locale":"es_ES","og_type":"article","og_title":"Quienes Somos - Almac\u00e9n al Natural","og_description":"Alimentos naturales a granel, a precios justos y a la puerta de su casa. Sin adelantos y sin m\u00ednimo de compra. Contamos con el sistema de env\u00edos a domicilio m\u00e1s barato de todo Santiago, Adem\u00e1s, tenemos un garant\u00eda de satisfacci\u00f3n y pagos contraentrega para tu seguridad. Cont\u00e1ctenos, con\u00f3cenos y perm\u00edtenos servirte.","og_url":"https:\/\/almacenalnatural.cl\/index.php\/quienes-somos\/","og_site_name":"Almac\u00e9n al Natural","article_modified_time":"2022-07-22T00:33:47+00:00","og_image":[{"url":"https:\/\/almacenalnatural.cl\/wp-content\/uploads\/2020\/08\/leaf-free-img.png"}],"twitter_card":"summary_large_image","twitter_misc":{"Est. reading time":"2 minutos"},"schema":{"@context":"https:\/\/schema.org","@graph":[{"@type":"WebSite","@id":"https:\/\/almacenalnatural.cl\/#website","url":"https:\/\/almacenalnatural.cl\/","name":"Almac\u00e9n al Natural","description":"Emprendimiento social basado en un mercado de precios justos","potentialAction":[{"@type":"SearchAction","target":{"@type":"EntryPoint","urlTemplate":"https:\/\/almacenalnatural.cl\/?s={search_term_string}"},"query-input":"required name=search_term_string"}],"inLanguage":"es-CL"},{"@type":"ImageObject","@id":"https:\/\/almacenalnatural.cl\/index.php\/quienes-somos\/#primaryimage","inLanguage":"es-CL","url":"https:\/\/almacenalnatural.cl\/wp-content\/uploads\/2020\/08\/leaf-free-img.png","contentUrl":"https:\/\/almacenalnatural.cl\/wp-content\/uploads\/2020\/08\/leaf-free-img.png","width":209,"height":90},{"@type":"WebPage","@id":"https:\/\/almacenalnatural.cl\/index.php\/quienes-somos\/#webpage","url":"https:\/\/almacenalnatural.cl\/index.php\/quienes-somos\/","name":"Quienes Somos - Almac\u00e9n al Natural","isPartOf":{"@id":"https:\/\/almacenalnatural.cl\/#website"},"primaryImageOfPage":{"@id":"https:\/\/almacenalnatural.cl\/index.php\/quienes-somos\/#primaryimage"},"datePublished":"2018-06-18T10:57:57+00:00","dateModified":"2022-07-22T00:33:47+00:00","description":"Alimentos naturales a granel, a precios justos y a la puerta de su casa. Sin adelantos y sin m\u00ednimo de compra. Contamos con el sistema de env\u00edos a domicilio m\u00e1s barato de todo Santiago, Adem\u00e1s, tenemos un garant\u00eda de satisfacci\u00f3n y pagos contraentrega para tu seguridad. Cont\u00e1ctenos, con\u00f3cenos y perm\u00edtenos servirte.","breadcrumb":{"@id":"https:\/\/almacenalnatural.cl\/index.php\/quienes-somos\/#breadcrumb"},"inLanguage":"es-CL","potentialAction":[{"@type":"ReadAction","target":["https:\/\/almacenalnatural.cl\/index.php\/quienes-somos\/"]}]},{"@type":"BreadcrumbList","@id":"https:\/\/almacenalnatural.cl\/index.php\/quienes-somos\/#breadcrumb","itemListElement":[{"@type":"ListItem","position":1,"name":"Portada","item":"https:\/\/almacenalnatural.cl\/"},{"@type":"ListItem","position":2,"name":"Quienes Somos"}]}]}},"_links":{"self":[{"href":"https:\/\/almacenalnatural.cl\/index.php\/wp-json\/wp\/v2\/pages\/96"}],"collection":[{"href":"https:\/\/almacenalnatural.cl\/index.php\/wp-json\/wp\/v2\/pages"}],"about":[{"href":"https:\/\/almacenalnatural.cl\/index.php\/wp-json\/wp\/v2\/types\/page"}],"author":[{"embeddable":true,"href":"https:\/\/almacenalnatural.cl\/index.php\/wp-json\/wp\/v2\/users\/2"}],"replies":[{"embeddable":true,"href":"https:\/\/almacenalnatural.cl\/index.php\/wp-json\/wp\/v2\/comments?post=96"}],"version-history":[{"count":10,"href":"https:\/\/almacenalnatural.cl\/index.php\/wp-json\/wp\/v2\/pages\/96\/revisions"}],"predecessor-version":[{"id":5991,"href":"https:\/\/almacenalnatural.cl\/index.php\/wp-json\/wp\/v2\/pages\/96\/revisions\/5991"}],"wp:attachment":[{"href":"https:\/\/almacenalnatural.cl\/index.php\/wp-json\/wp\/v2\/media?parent=96"}],"curies":[{"name":"wp","href":"https:\/\/api.w.org\/{rel}","templated":true}]}}